{"id":31,"date":"2022-01-09T03:59:18","date_gmt":"2022-01-09T03:59:18","guid":{"rendered":"https:\/\/itsasaja.lt\/?page_id=31"},"modified":"2022-03-17T08:57:32","modified_gmt":"2022-03-17T08:57:32","slug":"iranga","status":"publish","type":"page","link":"https:\/\/itsasaja.lt\/eng\/iranga\/","title":{"rendered":"Equipment"},"content":{"rendered":"<div data-elementor-type=\"wp-page\" data-elementor-id=\"31\" class=\"elementor elementor-31\" data-elementor-post-type=\"page\">\n\t\t\t\t\t\t<section class=\"elementor-section elementor-top-section elementor-element elementor-element-b9de85b elementor-section-boxed elementor-section-height-default elementor-section-height-default\" data-id=\"b9de85b\" data-element_type=\"section\" data-settings=\"{&quot;background_background&quot;:&quot;classic&quot;}\">\n\t\t\t\t\t\t<div class=\"elementor-container elementor-column-gap-default\">\n\t\t\t\t\t<div class=\"elementor-column elementor-col-100 elementor-top-column elementor-element elementor-element-cba14ff animated-slow elementor-invisible\" data-id=\"cba14ff\" data-element_type=\"column\" data-settings=\"{&quot;animation&quot;:&quot;fadeIn&quot;}\">\n\t\t\t<div class=\"elementor-widget-wrap elementor-element-populated\">\n\t\t\t\t\t\t<div class=\"elementor-element elementor-element-232d40a elementor-widget elementor-widget-heading\" data-id=\"232d40a\" data-element_type=\"widget\" data-widget_type=\"heading.default\">\n\t\t\t\t<div class=\"elementor-widget-container\">\n\t\t\t\t\t<h2 class=\"elementor-heading-title elementor-size-default\">Equipment<\/h2>\t\t\t\t<\/div>\n\t\t\t\t<\/div>\n\t\t\t\t\t<\/div>\n\t\t<\/div>\n\t\t\t\t\t<\/div>\n\t\t<\/section>\n\t\t\t\t<section class=\"elementor-section elementor-top-section elementor-element elementor-element-be2d395 animated-slow elementor-section-boxed elementor-section-height-default elementor-section-height-default elementor-invisible\" data-id=\"be2d395\" data-element_type=\"section\" data-settings=\"{&quot;animation&quot;:&quot;fadeIn&quot;}\">\n\t\t\t\t\t\t<div class=\"elementor-container elementor-column-gap-default\">\n\t\t\t\t\t<div class=\"elementor-column elementor-col-50 elementor-top-column elementor-element elementor-element-f8f53f3\" data-id=\"f8f53f3\" data-element_type=\"column\" data-settings=\"{&quot;animation&quot;:&quot;none&quot;}\">\n\t\t\t<div class=\"elementor-widget-wrap elementor-element-populated\">\n\t\t\t\t\t\t<div class=\"elementor-element elementor-element-564d088 elementor-widget elementor-widget-image\" data-id=\"564d088\" data-element_type=\"widget\" data-widget_type=\"image.default\">\n\t\t\t\t<div class=\"elementor-widget-container\">\n\t\t\t\t\t\t\t\t\t\t\t\t\t\t\t<img fetchpriority=\"high\" decoding=\"async\" width=\"800\" height=\"661\" src=\"https:\/\/itsasaja.lt\/wp-content\/uploads\/2022\/01\/iranga.png\" class=\"attachment-large size-large wp-image-970\" alt=\"\" srcset=\"https:\/\/itsasaja.lt\/wp-content\/uploads\/2022\/01\/iranga.png 964w, https:\/\/itsasaja.lt\/wp-content\/uploads\/2022\/01\/iranga-300x248.png 300w, https:\/\/itsasaja.lt\/wp-content\/uploads\/2022\/01\/iranga-768x634.png 768w\" sizes=\"(max-width: 800px) 100vw, 800px\" \/>\t\t\t\t\t\t\t\t\t\t\t\t\t\t\t<\/div>\n\t\t\t\t<\/div>\n\t\t\t\t\t<\/div>\n\t\t<\/div>\n\t\t\t\t<div class=\"elementor-column elementor-col-50 elementor-top-column elementor-element elementor-element-b54985e\" data-id=\"b54985e\" data-element_type=\"column\" data-settings=\"{&quot;animation&quot;:&quot;none&quot;}\">\n\t\t\t<div class=\"elementor-widget-wrap elementor-element-populated\">\n\t\t\t\t\t\t<div class=\"elementor-element elementor-element-e5aa900 elementor-widget elementor-widget-heading\" data-id=\"e5aa900\" data-element_type=\"widget\" data-widget_type=\"heading.default\">\n\t\t\t\t<div class=\"elementor-widget-container\">\n\t\t\t\t\t<h2 class=\"elementor-heading-title elementor-size-default\">WE OFFER YOU: <\/h2>\t\t\t\t<\/div>\n\t\t\t\t<\/div>\n\t\t\t\t<div class=\"elementor-element elementor-element-d33ddd7 elementor-widget elementor-widget-text-editor\" data-id=\"d33ddd7\" data-element_type=\"widget\" data-widget_type=\"text-editor.default\">\n\t\t\t\t<div class=\"elementor-widget-container\">\n\t\t\t\t\t\t\t\t\t<ul><li>Computer repair services<\/li><li>Computer modernization services<\/li><li>Work information recovery (Virus removal, software installation, or upgrade)<\/li><li>Equipment Rental Service (Printers \/ Computers)<\/li><li>Equipment trade<\/li><\/ul>\t\t\t\t\t\t\t\t<\/div>\n\t\t\t\t<\/div>\n\t\t\t\t<div class=\"elementor-element elementor-element-20cad92 elementor-widget elementor-widget-text-editor\" data-id=\"20cad92\" data-element_type=\"widget\" data-widget_type=\"text-editor.default\">\n\t\t\t\t<div class=\"elementor-widget-container\">\n\t\t\t\t\t\t\t\t\t<h4>Contact information is in the \"Contacts\" section.<\/h4>\t\t\t\t\t\t\t\t<\/div>\n\t\t\t\t<\/div>\n\t\t\t\t\t<\/div>\n\t\t<\/div>\n\t\t\t\t\t<\/div>\n\t\t<\/section>\n\t\t\t\t<section class=\"elementor-section elementor-top-section elementor-element elementor-element-3ac5acc elementor-section-boxed elementor-section-height-default elementor-section-height-default\" data-id=\"3ac5acc\" data-element_type=\"section\">\n\t\t\t\t\t\t<div class=\"elementor-container elementor-column-gap-default\">\n\t\t\t\t\t<div class=\"elementor-column elementor-col-100 elementor-top-column elementor-element elementor-element-d27af8f\" data-id=\"d27af8f\" data-element_type=\"column\">\n\t\t\t<div class=\"elementor-widget-wrap elementor-element-populated\">\n\t\t\t\t\t\t<div class=\"elementor-element elementor-element-49c0474 elementor-widget elementor-widget-html\" data-id=\"49c0474\" data-element_type=\"widget\" data-widget_type=\"html.default\">\n\t\t\t\t<div class=\"elementor-widget-container\">\n\t\t\t\t\t<script>\r\n\r\nfunction hasClass(element, className) {\r\n    return (' ' + element.className + ' ').indexOf(' ' + className+ ' ') > -1\r\n}\r\n\r\nfunction setCookie(cname, cvalue, exdays) {\r\n  var d = new Date()\r\n  d.setTime( d.getTime() + ( exdays * 24*60*60*1000) )\r\n  let expires = 'expires=' + d.toUTCString()\r\n  document.cookie = cname + '=' + cvalue + ';' + expires + ';path=\/'\r\n}\r\n\r\nfunction getCookie(cname) {\r\n  var name = cname + '=',\r\n    decodedCookie = decodeURIComponent(document.cookie),\r\n    ca = decodedCookie.split(';')\r\n    \r\n  for(let i = 0; i <ca.length; i++) {\r\n    var c = ca[i]\r\n    while (c.charAt(0) == ' ') {\r\n      c = c.substring(1)\r\n    }\r\n    if (c.indexOf(name) == 0) {\r\n      return c.substring(name.length, c.length)\r\n    }\r\n  }\r\n  return ''\r\n}\r\n\r\ndocument.addEventListener(\"DOMContentLoaded\", function(){\r\n\r\nif( getCookie('dark') == 'yes' ) {\r\n    document.querySelector('body').classList.add('dark')    \r\n}\r\n\r\ndocument.querySelector('.dark-toggle').addEventListener('click', function(){\r\n    \r\n    document.querySelector('body').classList.toggle('dark')\r\n    \r\n    if( hasClass(document.querySelector('body'), 'dark') ) {\r\n        setCookie('dark', 'yes', 30)\r\n    } else {\r\n        setCookie('dark', 'no', 30)\r\n    }\r\n})\r\n\r\n})\r\n\r\n<\/script>\t\t\t\t<\/div>\n\t\t\t\t<\/div>\n\t\t\t\t\t<\/div>\n\t\t<\/div>\n\t\t\t\t\t<\/div>\n\t\t<\/section>\n\t\t\t\t<section class=\"elementor-section elementor-top-section elementor-element elementor-element-49071d77 dark-toggle elementor-section-boxed elementor-section-height-default elementor-section-height-default\" data-id=\"49071d77\" data-element_type=\"section\">\n\t\t\t\t\t\t<div class=\"elementor-container elementor-column-gap-no\">\n\t\t\t\t\t<div class=\"elementor-column elementor-col-100 elementor-top-column elementor-element elementor-element-1bc726ac\" data-id=\"1bc726ac\" data-element_type=\"column\">\n\t\t\t<div class=\"elementor-widget-wrap elementor-element-populated\">\n\t\t\t\t\t\t<div class=\"elementor-element elementor-element-6c6dba07 elementor-widget-divider--view-line elementor-widget elementor-widget-divider\" data-id=\"6c6dba07\" data-element_type=\"widget\" data-widget_type=\"divider.default\">\n\t\t\t\t<div class=\"elementor-widget-container\">\n\t\t\t\t\t\t\t<div class=\"elementor-divider\">\n\t\t\t<span class=\"elementor-divider-separator\">\n\t\t\t\t\t\t<\/span>\n\t\t<\/div>\n\t\t\t\t\t\t<\/div>\n\t\t\t\t<\/div>\n\t\t\t\t<div class=\"elementor-element elementor-element-77143460 elementor-widget__width-initial elementor-absolute elementor-view-default elementor-widget elementor-widget-icon\" data-id=\"77143460\" data-element_type=\"widget\" data-settings=\"{&quot;_position&quot;:&quot;absolute&quot;}\" data-widget_type=\"icon.default\">\n\t\t\t\t<div class=\"elementor-widget-container\">\n\t\t\t\t\t\t\t<div class=\"elementor-icon-wrapper\">\n\t\t\t<div class=\"elementor-icon\">\n\t\t\t<i aria-hidden=\"true\" class=\"remixicon ri-moon-fill\"><\/i>\t\t\t<\/div>\n\t\t<\/div>\n\t\t\t\t\t\t<\/div>\n\t\t\t\t<\/div>\n\t\t\t\t\t<\/div>\n\t\t<\/div>\n\t\t\t\t\t<\/div>\n\t\t<\/section>\n\t\t\t\t<\/div>","protected":false},"excerpt":{"rendered":"<p>Equipment WE OFFER YOU: Computer repair services Computer modernization services Work recovery (Virus removal, software installation or update) Equipment rental service (Printers\/computer rental) Equipment trade Contact information in the &quot;Contacts&quot; section.<\/p>","protected":false},"author":1,"featured_media":0,"parent":0,"menu_order":0,"comment_status":"closed","ping_status":"closed","template":"","meta":{"footnotes":""},"class_list":["post-31","page","type-page","status-publish","hentry"],"yoast_head":"<!-- This site is optimized with the Yoast SEO plugin v24.8.1 - https:\/\/yoast.com\/wordpress\/plugins\/seo\/ -->\n<title>\u012eranga - IT S\u0105saja<\/title>\n<meta name=\"robots\" content=\"index, follow, max-snippet:-1, max-image-preview:large, max-video-preview:-1\" \/>\n<link rel=\"canonical\" href=\"https:\/\/itsasaja.lt\/eng\/iranga\/\" \/>\n<meta property=\"og:locale\" content=\"en_GB\" \/>\n<meta property=\"og:type\" content=\"article\" \/>\n<meta property=\"og:title\" content=\"\u012eranga - IT S\u0105saja\" \/>\n<meta property=\"og:description\" content=\"\u012eranga SI\u016aLOME JUMS: Kompiuteri\u0173 remonto paslaugas Kompluteri\u0173 modernizavimo paslaugas Darbo atstatymas (Virus\u0173 \u0161alinimas, programin\u0117s \u012frangos diegimas ar atnaujinimas) \u012erangos nuomos paslauga (Spausdintuv\u0173\/kompiuteri\u0173 nuoma) \u012erangos prekyb\u0105 Susisiekimo informacija \u201eKontaktai\u201c skiltyje.\" \/>\n<meta property=\"og:url\" content=\"https:\/\/itsasaja.lt\/eng\/iranga\/\" \/>\n<meta property=\"og:site_name\" content=\"IT S\u0105saja\" \/>\n<meta property=\"article:publisher\" content=\"https:\/\/www.facebook.com\/itsasaja\" \/>\n<meta property=\"article:modified_time\" content=\"2022-03-17T08:57:32+00:00\" \/>\n<meta property=\"og:image\" content=\"https:\/\/itsasaja.lt\/wp-content\/uploads\/2022\/01\/iranga.png\" \/>\n<meta name=\"twitter:card\" content=\"summary_large_image\" \/>\n<script type=\"application\/ld+json\" class=\"yoast-schema-graph\">{\"@context\":\"https:\/\/schema.org\",\"@graph\":[{\"@type\":\"WebPage\",\"@id\":\"https:\/\/itsasaja.lt\/iranga\/\",\"url\":\"https:\/\/itsasaja.lt\/iranga\/\",\"name\":\"\u012eranga - IT S\u0105saja\",\"isPartOf\":{\"@id\":\"https:\/\/itsasaja.lt\/#website\"},\"primaryImageOfPage\":{\"@id\":\"https:\/\/itsasaja.lt\/iranga\/#primaryimage\"},\"image\":{\"@id\":\"https:\/\/itsasaja.lt\/iranga\/#primaryimage\"},\"thumbnailUrl\":\"https:\/\/itsasaja.lt\/wp-content\/uploads\/2022\/01\/iranga.png\",\"datePublished\":\"2022-01-09T03:59:18+00:00\",\"dateModified\":\"2022-03-17T08:57:32+00:00\",\"breadcrumb\":{\"@id\":\"https:\/\/itsasaja.lt\/iranga\/#breadcrumb\"},\"inLanguage\":\"en-GB\",\"potentialAction\":[{\"@type\":\"ReadAction\",\"target\":[\"https:\/\/itsasaja.lt\/iranga\/\"]}]},{\"@type\":\"ImageObject\",\"inLanguage\":\"en-GB\",\"@id\":\"https:\/\/itsasaja.lt\/iranga\/#primaryimage\",\"url\":\"https:\/\/itsasaja.lt\/wp-content\/uploads\/2022\/01\/iranga.png\",\"contentUrl\":\"https:\/\/itsasaja.lt\/wp-content\/uploads\/2022\/01\/iranga.png\"},{\"@type\":\"BreadcrumbList\",\"@id\":\"https:\/\/itsasaja.lt\/iranga\/#breadcrumb\",\"itemListElement\":[{\"@type\":\"ListItem\",\"position\":1,\"name\":\"Home\",\"item\":\"https:\/\/itsasaja.lt\/\"},{\"@type\":\"ListItem\",\"position\":2,\"name\":\"\u012eranga\"}]},{\"@type\":\"WebSite\",\"@id\":\"https:\/\/itsasaja.lt\/#website\",\"url\":\"https:\/\/itsasaja.lt\/\",\"name\":\"IT S\u0105saja\",\"description\":\"\",\"publisher\":{\"@id\":\"https:\/\/itsasaja.lt\/#organization\"},\"potentialAction\":[{\"@type\":\"SearchAction\",\"target\":{\"@type\":\"EntryPoint\",\"urlTemplate\":\"https:\/\/itsasaja.lt\/?s={search_term_string}\"},\"query-input\":{\"@type\":\"PropertyValueSpecification\",\"valueRequired\":true,\"valueName\":\"search_term_string\"}}],\"inLanguage\":\"en-GB\"},{\"@type\":\"Organization\",\"@id\":\"https:\/\/itsasaja.lt\/#organization\",\"name\":\"IT S\u0105saja\",\"url\":\"https:\/\/itsasaja.lt\/\",\"logo\":{\"@type\":\"ImageObject\",\"inLanguage\":\"en-GB\",\"@id\":\"https:\/\/itsasaja.lt\/#\/schema\/logo\/image\/\",\"url\":\"https:\/\/itsasaja.lt\/wp-content\/uploads\/2021\/12\/IT-sasaja-logo.png\",\"contentUrl\":\"https:\/\/itsasaja.lt\/wp-content\/uploads\/2021\/12\/IT-sasaja-logo.png\",\"width\":1255,\"height\":490,\"caption\":\"IT S\u0105saja\"},\"image\":{\"@id\":\"https:\/\/itsasaja.lt\/#\/schema\/logo\/image\/\"},\"sameAs\":[\"https:\/\/www.facebook.com\/itsasaja\",\"https:\/\/www.instagram.com\/itsasaja\/\"]}]}<\/script>\n<!-- \/ Yoast SEO plugin. -->","yoast_head_json":{"title":"\u012eranga - IT S\u0105saja","robots":{"index":"index","follow":"follow","max-snippet":"max-snippet:-1","max-image-preview":"max-image-preview:large","max-video-preview":"max-video-preview:-1"},"canonical":"https:\/\/itsasaja.lt\/eng\/iranga\/","og_locale":"en_GB","og_type":"article","og_title":"\u012eranga - IT S\u0105saja","og_description":"\u012eranga SI\u016aLOME JUMS: Kompiuteri\u0173 remonto paslaugas Kompluteri\u0173 modernizavimo paslaugas Darbo atstatymas (Virus\u0173 \u0161alinimas, programin\u0117s \u012frangos diegimas ar atnaujinimas) \u012erangos nuomos paslauga (Spausdintuv\u0173\/kompiuteri\u0173 nuoma) \u012erangos prekyb\u0105 Susisiekimo informacija \u201eKontaktai\u201c skiltyje.","og_url":"https:\/\/itsasaja.lt\/eng\/iranga\/","og_site_name":"IT S\u0105saja","article_publisher":"https:\/\/www.facebook.com\/itsasaja","article_modified_time":"2022-03-17T08:57:32+00:00","og_image":[{"url":"https:\/\/itsasaja.lt\/wp-content\/uploads\/2022\/01\/iranga.png","type":"","width":"","height":""}],"twitter_card":"summary_large_image","schema":{"@context":"https:\/\/schema.org","@graph":[{"@type":"WebPage","@id":"https:\/\/itsasaja.lt\/iranga\/","url":"https:\/\/itsasaja.lt\/iranga\/","name":"\u012eranga - IT S\u0105saja","isPartOf":{"@id":"https:\/\/itsasaja.lt\/#website"},"primaryImageOfPage":{"@id":"https:\/\/itsasaja.lt\/iranga\/#primaryimage"},"image":{"@id":"https:\/\/itsasaja.lt\/iranga\/#primaryimage"},"thumbnailUrl":"https:\/\/itsasaja.lt\/wp-content\/uploads\/2022\/01\/iranga.png","datePublished":"2022-01-09T03:59:18+00:00","dateModified":"2022-03-17T08:57:32+00:00","breadcrumb":{"@id":"https:\/\/itsasaja.lt\/iranga\/#breadcrumb"},"inLanguage":"en-GB","potentialAction":[{"@type":"ReadAction","target":["https:\/\/itsasaja.lt\/iranga\/"]}]},{"@type":"ImageObject","inLanguage":"en-GB","@id":"https:\/\/itsasaja.lt\/iranga\/#primaryimage","url":"https:\/\/itsasaja.lt\/wp-content\/uploads\/2022\/01\/iranga.png","contentUrl":"https:\/\/itsasaja.lt\/wp-content\/uploads\/2022\/01\/iranga.png"},{"@type":"BreadcrumbList","@id":"https:\/\/itsasaja.lt\/iranga\/#breadcrumb","itemListElement":[{"@type":"ListItem","position":1,"name":"Home","item":"https:\/\/itsasaja.lt\/"},{"@type":"ListItem","position":2,"name":"\u012eranga"}]},{"@type":"WebSite","@id":"https:\/\/itsasaja.lt\/#website","url":"https:\/\/itsasaja.lt\/","name":"IT S\u0105saja","description":"","publisher":{"@id":"https:\/\/itsasaja.lt\/#organization"},"potentialAction":[{"@type":"SearchAction","target":{"@type":"EntryPoint","urlTemplate":"https:\/\/itsasaja.lt\/?s={search_term_string}"},"query-input":{"@type":"PropertyValueSpecification","valueRequired":true,"valueName":"search_term_string"}}],"inLanguage":"en-GB"},{"@type":"Organization","@id":"https:\/\/itsasaja.lt\/#organization","name":"IT S\u0105saja","url":"https:\/\/itsasaja.lt\/","logo":{"@type":"ImageObject","inLanguage":"en-GB","@id":"https:\/\/itsasaja.lt\/#\/schema\/logo\/image\/","url":"https:\/\/itsasaja.lt\/wp-content\/uploads\/2021\/12\/IT-sasaja-logo.png","contentUrl":"https:\/\/itsasaja.lt\/wp-content\/uploads\/2021\/12\/IT-sasaja-logo.png","width":1255,"height":490,"caption":"IT S\u0105saja"},"image":{"@id":"https:\/\/itsasaja.lt\/#\/schema\/logo\/image\/"},"sameAs":["https:\/\/www.facebook.com\/itsasaja","https:\/\/www.instagram.com\/itsasaja\/"]}]}},"_links":{"self":[{"href":"https:\/\/itsasaja.lt\/eng\/wp-json\/wp\/v2\/pages\/31","targetHints":{"allow":["GET"]}}],"collection":[{"href":"https:\/\/itsasaja.lt\/eng\/wp-json\/wp\/v2\/pages"}],"about":[{"href":"https:\/\/itsasaja.lt\/eng\/wp-json\/wp\/v2\/types\/page"}],"author":[{"embeddable":true,"href":"https:\/\/itsasaja.lt\/eng\/wp-json\/wp\/v2\/users\/1"}],"replies":[{"embeddable":true,"href":"https:\/\/itsasaja.lt\/eng\/wp-json\/wp\/v2\/comments?post=31"}],"version-history":[{"count":0,"href":"https:\/\/itsasaja.lt\/eng\/wp-json\/wp\/v2\/pages\/31\/revisions"}],"wp:attachment":[{"href":"https:\/\/itsasaja.lt\/eng\/wp-json\/wp\/v2\/media?parent=31"}],"curies":[{"name":"wp","href":"https:\/\/api.w.org\/{rel}","templated":true}]}}